{"id":380,"date":"2015-08-04T03:14:56","date_gmt":"2015-08-04T03:14:56","guid":{"rendered":"http:\/\/builder.zooka.io\/?page_id=380"},"modified":"2020-11-15T22:11:24","modified_gmt":"2020-11-15T19:11:24","slug":"contact-2","status":"publish","type":"page","link":"https:\/\/www.omayapi.net\/?page_id=380","title":{"rendered":"Bize Ula\u015f\u0131n"},"content":{"rendered":"<p>[vc_row css=&#8221;.vc_custom_1438421533811{margin-bottom: 0px !important;}&#8221;][vc_column css=&#8221;.vc_custom_1438421510815{margin-bottom: 20px !important;}&#8221;][thememove_gmaps address=&#8221;https:\/\/www.google.com.tr\/maps\/place\/Adalet+Mahallesi,+1593%2F1.+Sk.+No:19+D:28,+35530+Bayrakl%C4%B1%2F%C4%B0zmir\/@38.4522872,27.1778493,17z\/data=!3m1!4b1!4m5!3m4!1s0x14b962aed0edc88d:0xfb3f8cb4ae5ddc8d!8m2!3d38.452283!4d27.180038&#8243; map_height=&#8221;370&#8243;]1593\/1 Sokak No:28 d:19 Bayrakl\u0131-\u0130ZM\u0130R[\/thememove_gmaps][\/vc_column][\/vc_row][vc_row css=&#8221;.vc_custom_1438422197296{margin-bottom: 0px !important;}&#8221;][vc_column width=&#8221;2\/3&#8243;][vc_custom_heading text=&#8221;Mesajin\u0131z\u0131 G\u00f6nderiniz&#8221; font_container=&#8221;tag:div|font_size:26|text_align:left|color:%23000000&#8243; use_theme_fonts=&#8221;yes&#8221; css=&#8221;.vc_custom_1502655705655{margin-bottom: 20px !important;}&#8221;][vc_custom_heading text=&#8221;Projelerimiz ile ilgili her sorunuz i\u00e7in.&#8221; font_container=&#8221;tag:div|font_size:15|text_align:left|color:%23999999&#8243; use_theme_fonts=&#8221;yes&#8221; css=&#8221;.vc_custom_1502655741423{margin-top: 20px !important;margin-bottom: 30px !important;}&#8221;]<div role=\"form\" class=\"wpcf7\" id=\"wpcf7-f390-o1\" lang=\"en-US\" dir=\"ltr\">\n<div class=\"screen-reader-response\"><\/div>\n<form action=\"\/index.php?rest_route=%2Fwp%2Fv2%2Fpages%2F380#wpcf7-f390-o1\" method=\"post\" class=\"wpcf7-form\" novalidate=\"novalidate\">\n<div style=\"display: none;\">\n<input type=\"hidden\" name=\"_wpcf7\" value=\"390\" \/>\n<input type=\"hidden\" name=\"_wpcf7_version\" value=\"4.7\" \/>\n<input type=\"hidden\" name=\"_wpcf7_locale\" value=\"en_US\" \/>\n<input type=\"hidden\" name=\"_wpcf7_unit_tag\" value=\"wpcf7-f390-o1\" \/>\n<input type=\"hidden\" name=\"_wpnonce\" value=\"a6bac44f44\" \/>\n<\/div>\n<div class=\"row contact_form2\">\n<div class=\"col-md-6\"><span class=\"wpcf7-form-control-wrap your-name\"><input type=\"text\" name=\"your-name\" value=\"\" size=\"40\" class=\"wpcf7-form-control wpcf7-text wpcf7-validates-as-required\" aria-required=\"true\" aria-invalid=\"false\" placeholder=\"Ad\u0131n\u0131z Soyad\u0131n\u0131z\" \/><\/span><\/div>\n<div class=\"col-md-6\"><span class=\"wpcf7-form-control-wrap your-phone\"><input type=\"tel\" name=\"your-phone\" value=\"\" size=\"40\" class=\"wpcf7-form-control wpcf7-text wpcf7-tel wpcf7-validates-as-tel\" aria-invalid=\"false\" placeholder=\"Telefon Numaran\u0131z\" \/><\/span><\/div>\n<div class=\"col-md-12\"><span class=\"wpcf7-form-control-wrap your-email\"><input type=\"email\" name=\"your-email\" value=\"\" size=\"40\" class=\"wpcf7-form-control wpcf7-text wpcf7-email wpcf7-validates-as-required wpcf7-validates-as-email\" aria-required=\"true\" aria-invalid=\"false\" placeholder=\"Mail Adresiniz\" \/><\/span><\/div>\n<div class=\"col-md-12\">\n<span class=\"wpcf7-form-control-wrap your-message\"><textarea name=\"your-message\" cols=\"40\" rows=\"10\" class=\"wpcf7-form-control wpcf7-textarea wpcf7-validates-as-required\" aria-required=\"true\" aria-invalid=\"false\" placeholder=\"Mesaj\u0131n\u0131z\"><\/textarea><\/span><br \/>\n<input type=\"submit\" value=\"G\u00d6NDER\" class=\"wpcf7-form-control wpcf7-submit\" \/>\n<\/div>\n<\/div>\n<div class=\"wpcf7-response-output wpcf7-display-none\"><\/div><\/form><\/div>[\/vc_column][vc_column width=&#8221;1\/3&#8243;][vc_custom_heading text=&#8221;Merkez Ofis&#8221; font_container=&#8221;tag:div|font_size:22|text_align:left|color:%23111111&#8243; use_theme_fonts=&#8221;yes&#8221; css=&#8221;.vc_custom_1502655768154{margin-bottom: 20px !important;border-bottom-width: 1px !important;padding-bottom: 10px !important;border-bottom-color: #dddddd !important;border-bottom-style: solid !important;}&#8221;][vc_raw_html el_class=&#8221;contact-info&#8221;]JTNDcCUzRSUzQ2klMjBjbGFzcyUzRCUyMmZhJTIwZmEtbWFwLW1hcmtlciUyMiUzRSUzQyUyRmklM0VPbWElMjBZYXAlQzQlQjElMjBNJUMzJUJDdC4lMjBTYW4uJTIwVmUlMjBUaWMuJTIwTHRkJTIwJUM1JTlFdGklMjAxNTkzJTJGMSUyMFNva2FrJTIwTm8lM0EyOCUyMGQlM0ExOSUyMEJheXJha2wlQzQlQjElMjAtJUM0JUIwWk0lQzQlQjBSLiUzQyUyRnAlM0UlM0NwJTNFJTNDaSUyMGNsYXNzJTNEJTIyZmElMjBmYS1waG9uZSUyMiUzRSUzQyUyRmklM0UlMjAlMjgyMzIlMjklMjAzODAlMjAwJTIwNDQ0JTNDJTJGcCUzRSUzQ3AlM0UlM0NpJTIwY2xhc3MlM0QlMjJmYSUyMGZhLWVudmVsb3BlJTIyJTNFJTNDJTJGaSUzRSUyMGluZm8lNDBvbWF5YXBpLm5ldCUzQyUyRnAlM0UlM0NwJTNFJTNDaSUyMGNsYXNzJTNEJTIyZmElMjBmYS1mYXglMjIlM0UlM0MlMkZpJTNFJTIwJTI4MjMyJTI5JTIwMzgwJTIwMCUyMDQ0NCUzQyUyRnAlM0UlM0NwJTNFJTNDaSUyMGNsYXNzJTNEJTIyZmElMjBmYS1jbG9jay1vJTIyJTNFJTNDJTJGaSUzRSUyME1vbiUyMCVFMiU4MCU5MyUyMFNhdCUzQSUyMDklM0EwMCUyMCVFMiU4MCU5MyUyMDE4JTNBMDAlM0MlMkZwJTNF[\/vc_raw_html][\/vc_column][\/vc_row][vc_row][vc_column][vc_empty_space][\/vc_column][\/vc_row]<\/p>\n","protected":false},"excerpt":{"rendered":"<p>[vc_row css=&#8221;.vc_custom_1438421533811{margin-bottom: 0px !important;}&#8221;][vc_column css=&#8221;.vc_custom_1438421510815{margin-bottom: 20px !important;}&#8221;][thememove_gmaps address=&#8221;https:\/\/www.google.com.tr\/maps\/place\/Adalet+Mahallesi,+1593%2F1.+Sk.+No:19+D:28,+35530+Bayrakl%C4%B1%2F%C4%B0zmir\/@38.4522872,27.1778493,17z\/data=!3m1!4b1!4m5!3m4!1s0x14b962aed0edc88d:0xfb3f8cb4ae5ddc8d!8m2!3d38.452283!4d27.180038&#8243; map_height=&#8221;370&#8243;]1593\/1 Sokak No:28 d:19 Bayrakl\u0131-\u0130ZM\u0130R[\/thememove_gmaps][\/vc_column][\/vc_row][vc_row css=&#8221;.vc_custom_1438422197296{margin-bottom: 0px !important;}&#8221;][vc_column width=&#8221;2\/3&#8243;][vc_custom_heading text=&#8221;Mesajin\u0131z\u0131 G\u00f6nderiniz&#8221; font_container=&#8221;tag:div|font_size:26|text_align:left|color:%23000000&#8243; [&hellip;]<\/p>\n","protected":false},"author":1,"featured_media":0,"parent":0,"menu_order":0,"comment_status":"closed","ping_status":"open","template":"","meta":{"footnotes":""},"class_list":["post-380","page","type-page","status-publish","hentry"],"_links":{"self":[{"href":"https:\/\/www.omayapi.net\/index.php?rest_route=\/wp\/v2\/pages\/380","targetHints":{"allow":["GET"]}}],"collection":[{"href":"https:\/\/www.omayapi.net\/index.php?rest_route=\/wp\/v2\/pages"}],"about":[{"href":"https:\/\/www.omayapi.net\/index.php?rest_route=\/wp\/v2\/types\/page"}],"author":[{"embeddable":true,"href":"https:\/\/www.omayapi.net\/index.php?rest_route=\/wp\/v2\/users\/1"}],"replies":[{"embeddable":true,"href":"https:\/\/www.omayapi.net\/index.php?rest_route=%2Fwp%2Fv2%2Fcomments&post=380"}],"version-history":[{"count":6,"href":"https:\/\/www.omayapi.net\/index.php?rest_route=\/wp\/v2\/pages\/380\/revisions"}],"predecessor-version":[{"id":1487,"href":"https:\/\/www.omayapi.net\/index.php?rest_route=\/wp\/v2\/pages\/380\/revisions\/1487"}],"wp:attachment":[{"href":"https:\/\/www.omayapi.net\/index.php?rest_route=%2Fwp%2Fv2%2Fmedia&parent=380"}],"curies":[{"name":"wp","href":"https:\/\/api.w.org\/{rel}","templated":true}]}}