{"id":1347,"date":"2017-08-13T17:12:53","date_gmt":"2017-08-13T14:12:53","guid":{"rendered":"http:\/\/www.omayapi.net\/?page_id=1347"},"modified":"2020-11-15T22:11:24","modified_gmt":"2020-11-15T19:11:24","slug":"hakkimizda","status":"publish","type":"page","link":"https:\/\/www.omayapi.net\/?page_id=1347","title":{"rendered":"Hakk\u0131m\u0131zda"},"content":{"rendered":"<p>[vc_row][vc_column][vc_column_text]Yap\u0131 ve in\u015faat alanlar\u0131nda faaliyet g\u00f6steren firmam\u0131z; OMA YAPI\u00a0\u00a0 olarak sekt\u00f6rde proje, uygulama, taahh\u00fct ve dan\u0131\u015fmanl\u0131k hizmetleri ile ilgili konularda \u00e7al\u0131\u015fmalar yapmaktad\u0131r. Firma b\u00fcnyesinde amac\u0131m\u0131z kalitemizi ve performans\u0131m\u0131z\u0131 m\u00fc\u015fteri memnuniyetini baz alarak \u00e7al\u0131\u015fmakt\u0131r. Kar\u015f\u0131l\u0131kl\u0131 g\u00fcven ve dost\u00e7a yakla\u015f\u0131m ana prensibimizdir. \u00c7al\u0131\u015fmalar\u0131m\u0131z kapsam\u0131nda; \u00f6zellikle \u015fantiye uygulamalar\u0131 konusunda sahip oldu\u011fumuz teknik alt yap\u0131, organizasyon ve ekiplerle, uygulama i\u015flerinde \u00e7ok say\u0131da projeyi hayata ge\u00e7irmi\u015ftir. OMA YAPI b\u00fcnyesindeki teknik kadroyla gerek b\u00f6lgesinde gerekse T\u00fcrkiye \u00e7ap\u0131nda faaliyet g\u00f6sterdi\u011fimiz alanlarda yeni projeler ve \u015fantiyelerle daha b\u00fcy\u00fck i\u015flere imza atmak hedefindedir.[\/vc_column_text][vc_separator style=&#8221;shadow&#8221;][\/vc_column][\/vc_row][vc_row][vc_column][vc_gallery type=&#8221;image_grid&#8221; images=&#8221;1052&#8243; img_size=&#8221;full&#8221;][\/vc_column][\/vc_row][vc_row][vc_column][vc_empty_space][\/vc_column][\/vc_row]<\/p>\n","protected":false},"excerpt":{"rendered":"<p>[vc_row][vc_column][vc_column_text]Yap\u0131 ve in\u015faat alanlar\u0131nda faaliyet g\u00f6steren firmam\u0131z; OMA YAPI\u00a0\u00a0 olarak sekt\u00f6rde proje, uygulama, taahh\u00fct ve dan\u0131\u015fmanl\u0131k hizmetleri ile ilgili konularda [&hellip;]<\/p>\n","protected":false},"author":1,"featured_media":0,"parent":0,"menu_order":0,"comment_status":"closed","ping_status":"closed","template":"","meta":{"footnotes":""},"class_list":["post-1347","page","type-page","status-publish","hentry"],"_links":{"self":[{"href":"https:\/\/www.omayapi.net\/index.php?rest_route=\/wp\/v2\/pages\/1347","targetHints":{"allow":["GET"]}}],"collection":[{"href":"https:\/\/www.omayapi.net\/index.php?rest_route=\/wp\/v2\/pages"}],"about":[{"href":"https:\/\/www.omayapi.net\/index.php?rest_route=\/wp\/v2\/types\/page"}],"author":[{"embeddable":true,"href":"https:\/\/www.omayapi.net\/index.php?rest_route=\/wp\/v2\/users\/1"}],"replies":[{"embeddable":true,"href":"https:\/\/www.omayapi.net\/index.php?rest_route=%2Fwp%2Fv2%2Fcomments&post=1347"}],"version-history":[{"count":5,"href":"https:\/\/www.omayapi.net\/index.php?rest_route=\/wp\/v2\/pages\/1347\/revisions"}],"predecessor-version":[{"id":1355,"href":"https:\/\/www.omayapi.net\/index.php?rest_route=\/wp\/v2\/pages\/1347\/revisions\/1355"}],"wp:attachment":[{"href":"https:\/\/www.omayapi.net\/index.php?rest_route=%2Fwp%2Fv2%2Fmedia&parent=1347"}],"curies":[{"name":"wp","href":"https:\/\/api.w.org\/{rel}","templated":true}]}}